{"id":48,"date":"2021-05-28T23:59:02","date_gmt":"2021-05-28T23:59:02","guid":{"rendered":"http:\/\/gesahollerbach.de\/?page_id=48"},"modified":"2023-11-01T13:02:29","modified_gmt":"2023-11-01T13:02:29","slug":"bio","status":"publish","type":"page","link":"https:\/\/gesahollerbach.de\/index.php\/bio\/","title":{"rendered":"Vita"},"content":{"rendered":"\n<p><strong>BIOGRAPHY<\/strong><br>Gesa Hollerbach was born in 1977 and lives with her family in Cologne. She studied communication design with a focus on documentary film and illustration at the University of Applied Sciences in D\u00fcsseldorf and graduated with the documentary film &#8220;Etwas f\u00fcr lange Zeit&#8221;. The film was nominated for the First Steps Award in 2006. From 2007 to 2011 she studied postgraduate at the Academy of Media Arts Cologne, her graduation film &#8220;Die M\u00fchen der Ebene&#8221; was released in 2012.<\/p>\n\n\n\n<p>She has worked as an editing and production assistant on several feature-length documentaries for cinema and television and has been a freelance writer, director and editor since 2006. For the development of her feature documentary &#8220;Landretter&#8221; she received a Gerd Ruge scholarship, the film premiered at Dok Leipzig in 2019 in the German Competition.<\/p>\n\n\n\n<p>Her current documentary project &#8220;Superposition&#8221; is supported by NDR\/arte and the Film- und Medienstiftung NRW and is currently in preparation.<\/p>\n\n\n\n<p><strong>EDUCATION<\/strong><br>2007-2011 Postgraduate studies<br>Academy of Media Arts Cologne<br>1999-2006 Studies of Communication Design<br>University of Applied Sciences D\u00fcsseldorf<\/p>\n\n\n\n<p><strong>WORK<\/strong><br>2006-2023 Freelance documentary filmmaker and editor<br>2010-2014 Production assistant at the company &#8220;Lichtblick Film&#8221;<br>2004-2009 Freelance editor at the company &#8220;Wandaogo Production&#8221;<br>2004-2006 Assistant editor on several feature-length documentaries for cinema and television<\/p>\n\n\n\n<figure class=\"wp-block-gallery has-nested-images columns-default is-cropped wp-block-gallery-1 is-layout-flex wp-block-gallery-is-layout-flex\">\n<figure class=\"wp-block-image size-large\"><img loading=\"lazy\" decoding=\"async\" width=\"1024\" height=\"683\" data-id=\"434\" src=\"http:\/\/gesahollerbach.de\/wp-content\/uploads\/IMG_1139-1-1024x683.jpg\" alt=\"\" class=\"wp-image-434\" srcset=\"https:\/\/gesahollerbach.de\/wp-content\/uploads\/IMG_1139-1-1024x683.jpg 1024w, https:\/\/gesahollerbach.de\/wp-content\/uploads\/IMG_1139-1-300x200.jpg 300w, https:\/\/gesahollerbach.de\/wp-content\/uploads\/IMG_1139-1-768x512.jpg 768w, https:\/\/gesahollerbach.de\/wp-content\/uploads\/IMG_1139-1-1536x1024.jpg 1536w, https:\/\/gesahollerbach.de\/wp-content\/uploads\/IMG_1139-1-2048x1365.jpg 2048w, https:\/\/gesahollerbach.de\/wp-content\/uploads\/IMG_1139-1-1568x1045.jpg 1568w\" sizes=\"auto, (max-width: 1024px) 100vw, 1024px\" \/><\/figure>\n\n\n\n<figure class=\"wp-block-image size-full\"><img loading=\"lazy\" decoding=\"async\" width=\"699\" height=\"379\" data-id=\"429\" src=\"http:\/\/gesahollerbach.de\/wp-content\/uploads\/IMAG0167_small.jpg\" alt=\"\" class=\"wp-image-429\" srcset=\"https:\/\/gesahollerbach.de\/wp-content\/uploads\/IMAG0167_small.jpg 699w, https:\/\/gesahollerbach.de\/wp-content\/uploads\/IMAG0167_small-300x163.jpg 300w\" sizes=\"auto, (max-width: 699px) 100vw, 699px\" \/><\/figure>\n<\/figure>\n\n\n\n<p><strong>BIOGRAFIE<\/strong><br>Gesa Hollerbach wurde 1977 geboren und lebt mit ihrer Familie in K\u00f6ln. Sie studierte Kommunikationsdesign mit Schwerpunkt Dokumentarfilm und Illustration an der Fachhochschule D\u00fcsseldorf und schloss ihr Studium mit dem Dokumentarfilm &#8220;Etwas f\u00fcr lange Zeit&#8221; ab. Der Film war 2006 beim First Steps Award nominiert. Von 2007 bis 2011 studierte sie postgraduiert an der Kunsthochschule f\u00fcr Medien K\u00f6ln, ihr Abschlussfilm &#8220;Die M\u00fchen der Ebene&#8221; kam im Jahr 2012 ins Kino. <\/p>\n\n\n\n<p>Sie hat als Schnitt- und Produktionsassistentin bei mehreren abendf\u00fcllenden Dokumentarfilmen f\u00fcr Kino und Fernsehen gearbeitet und ist seit 2006 als freie Autorin, Regisseurin und Cutterin t\u00e4tig. F\u00fcr die Entwicklung ihres Kino-Dokumentarfilms &#8220;Landretter&#8221; bekam sie ein Gerd-Ruge-Stipendium, der Film feierte 2019 seine Premiere bei Dok Leipzig im Deutschen Wettbewerb.<\/p>\n\n\n\n<p>Ihr aktuelles Dokumentarfilmprojekt &#8220;Superposition&#8221; wird von NDR\/arte und der Film- und Medienstiftung NRW unterst\u00fctzt und befindet sich momentan in Vorbereitung.<\/p>\n\n\n\n<p><br><strong>AUSBILDUNG<\/strong><br>2007-2011 Postgraduierten Studium<br>Kunsthochschule f\u00fcr Medien K\u00f6ln<br>1999-2006 Studium Kommunikationsdesign<br>Fachhochschule D\u00fcsseldorf<\/p>\n\n\n\n<p><br><strong>ARBEIT<\/strong><br>2006-2023 Freie Dokumentarfilmerin und Editorin<br>2010-2014 Produktionsassistenz bei der Firma \u201eLichtblick Film\u201c<br>2004-2009 Freie Editorin bei der Firma \u201eWandaogo Production\u201c<br>2004-2006 Schnittassistenz bei mehreren abendf\u00fcllenden Dokumentarfilmen f\u00fcr Kino und Fernsehen<\/p>\n","protected":false},"excerpt":{"rendered":"<p>BIOGRAPHYGesa Hollerbach was born in 1977 and lives with her family in Cologne. She studied communication design with a focus on documentary film and illustration at the University of Applied Sciences in D\u00fcsseldorf and graduated with the documentary film &#8220;Etwas f\u00fcr lange Zeit&#8221;. The film was nominated for the First Steps Award in 2006. From&hellip; <a class=\"more-link\" href=\"https:\/\/gesahollerbach.de\/index.php\/bio\/\">Continue reading <span class=\"screen-reader-text\">Vita<\/span><\/a><\/p>\n","protected":false},"author":1,"featured_media":0,"parent":0,"menu_order":0,"comment_status":"closed","ping_status":"closed","template":"","meta":{"footnotes":""},"class_list":["post-48","page","type-page","status-publish","hentry","entry"],"_links":{"self":[{"href":"https:\/\/gesahollerbach.de\/index.php\/wp-json\/wp\/v2\/pages\/48","targetHints":{"allow":["GET"]}}],"collection":[{"href":"https:\/\/gesahollerbach.de\/index.php\/wp-json\/wp\/v2\/pages"}],"about":[{"href":"https:\/\/gesahollerbach.de\/index.php\/wp-json\/wp\/v2\/types\/page"}],"author":[{"embeddable":true,"href":"https:\/\/gesahollerbach.de\/index.php\/wp-json\/wp\/v2\/users\/1"}],"replies":[{"embeddable":true,"href":"https:\/\/gesahollerbach.de\/index.php\/wp-json\/wp\/v2\/comments?post=48"}],"version-history":[{"count":11,"href":"https:\/\/gesahollerbach.de\/index.php\/wp-json\/wp\/v2\/pages\/48\/revisions"}],"predecessor-version":[{"id":534,"href":"https:\/\/gesahollerbach.de\/index.php\/wp-json\/wp\/v2\/pages\/48\/revisions\/534"}],"wp:attachment":[{"href":"https:\/\/gesahollerbach.de\/index.php\/wp-json\/wp\/v2\/media?parent=48"}],"curies":[{"name":"wp","href":"https:\/\/api.w.org\/{rel}","templated":true}]}}