{"id":420,"date":"2021-06-03T20:28:11","date_gmt":"2021-06-03T20:28:11","guid":{"rendered":"http:\/\/gesahollerbach.de\/?page_id=420"},"modified":"2021-06-03T20:28:11","modified_gmt":"2021-06-03T20:28:11","slug":"wege-aus-der-gewalt","status":"publish","type":"page","link":"https:\/\/gesahollerbach.de\/index.php\/work\/wege-aus-der-gewalt\/","title":{"rendered":"Wege aus der Gewalt"},"content":{"rendered":"\n<p>D \/ Dokumentarfilm \/ 35 min<\/p>\n\n\n\n<p>Wenn Kinder und Jugendliche Gewalt erleben, hinterlassen diese Erfahrungen oftmals schwere psychische Belastungen, oft entstehen dadurch Traumatisierungen. Viele dieser Kinder und Jugendlichen ben\u00f6tigen zur Verarbeitung dieser Gewalterfahrung besonderen Schutz und Unterst\u00fctzung, oftmals auch therapeutische Hilfe. <\/p>\n\n\n\n<p>Weil sie in ihrer Kindheit und Jugend selbst Gewalt erlebt haben oder traumatischen Erfahrungen ausgesetzt waren, k\u00f6nnen sehr h\u00e4ufig auch die Eltern den besonderen Bed\u00fcrfnissen ihrer Kinder nicht nachkommen: diese Eltern ben\u00f6tigen selbst Beratung und Therapie, um als f\u00fcrsorgliche und f\u00f6rdernde Eltern f\u00fcr ihre Kinder gest\u00e4rkt zu werden.<\/p>\n\n\n\n<p>Die Fachberatungsstelle f\u00fcr Familien mit Gewalterfahrung unterst\u00fctzt Kinder, Jugendliche und deren Eltern mit individueller Beratung, Diagnostik und Therapie f\u00fcr alle Familienmitglieder.\u00a0Der Film &#8220;Wege aus der Gewalt&#8221; begleitet mehrere Mitarbeiter und Familien und zeigt, mit welchen Methoden und Hilfsangeboten die Gewaltspirale durchbrochen werden kann.<\/p>\n\n\n\n<p><\/p>\n\n\n\n<p>mit: <strong>Anne-Marie Eitel ua<\/strong><\/p>\n\n\n\n<p>Regie \/ Buch \/ Kamera:<strong> Gesa Hollerbach<\/strong><\/p>\n\n\n\n<p>Musik: <strong>Valerij Lisac<\/strong><\/p>\n\n\n\n<p>Produktion: <strong>Diakonie in D\u00fcsseldorf<\/strong><\/p>\n","protected":false},"excerpt":{"rendered":"<p>D \/ Dokumentarfilm \/ 35 min Wenn Kinder und Jugendliche Gewalt erleben, hinterlassen diese Erfahrungen oftmals schwere psychische Belastungen, oft entstehen dadurch Traumatisierungen. Viele dieser Kinder und Jugendlichen ben\u00f6tigen zur Verarbeitung dieser Gewalterfahrung besonderen Schutz und Unterst\u00fctzung, oftmals auch therapeutische Hilfe. Weil sie in ihrer Kindheit und Jugend selbst Gewalt erlebt haben oder traumatischen Erfahrungen&hellip; <a class=\"more-link\" href=\"https:\/\/gesahollerbach.de\/index.php\/work\/wege-aus-der-gewalt\/\">Continue reading <span class=\"screen-reader-text\">Wege aus der Gewalt<\/span><\/a><\/p>\n","protected":false},"author":1,"featured_media":0,"parent":44,"menu_order":0,"comment_status":"closed","ping_status":"closed","template":"","meta":{"footnotes":""},"class_list":["post-420","page","type-page","status-publish","hentry","entry"],"_links":{"self":[{"href":"https:\/\/gesahollerbach.de\/index.php\/wp-json\/wp\/v2\/pages\/420","targetHints":{"allow":["GET"]}}],"collection":[{"href":"https:\/\/gesahollerbach.de\/index.php\/wp-json\/wp\/v2\/pages"}],"about":[{"href":"https:\/\/gesahollerbach.de\/index.php\/wp-json\/wp\/v2\/types\/page"}],"author":[{"embeddable":true,"href":"https:\/\/gesahollerbach.de\/index.php\/wp-json\/wp\/v2\/users\/1"}],"replies":[{"embeddable":true,"href":"https:\/\/gesahollerbach.de\/index.php\/wp-json\/wp\/v2\/comments?post=420"}],"version-history":[{"count":1,"href":"https:\/\/gesahollerbach.de\/index.php\/wp-json\/wp\/v2\/pages\/420\/revisions"}],"predecessor-version":[{"id":421,"href":"https:\/\/gesahollerbach.de\/index.php\/wp-json\/wp\/v2\/pages\/420\/revisions\/421"}],"up":[{"embeddable":true,"href":"https:\/\/gesahollerbach.de\/index.php\/wp-json\/wp\/v2\/pages\/44"}],"wp:attachment":[{"href":"https:\/\/gesahollerbach.de\/index.php\/wp-json\/wp\/v2\/media?parent=420"}],"curies":[{"name":"wp","href":"https:\/\/api.w.org\/{rel}","templated":true}]}}