{"id":36,"date":"2021-05-28T23:48:58","date_gmt":"2021-05-28T23:48:58","guid":{"rendered":"http:\/\/gesahollerbach.de\/?page_id=36"},"modified":"2021-06-05T19:29:40","modified_gmt":"2021-06-05T19:29:40","slug":"die-muhen-der-ebene","status":"publish","type":"page","link":"https:\/\/gesahollerbach.de\/index.php\/work\/die-muhen-der-ebene\/","title":{"rendered":"Die M\u00fchen der Ebene"},"content":{"rendered":"\n<p>D \/ Dokumentarfilm \/ 2012 \/ 85 min<\/p>\n\n\n\n<p>Willkommen in Monheim am Rhein: 45.000 Einwohner zwischen K\u00f6ln und D\u00fcsseldorf. Im Jahr 1999 hat Daniel Zimmermann hier zusammen mit ein paar Schulkameraden die Jugendpartei PETO gegr\u00fcndet. Damals zogen sie mit zwei Sitzen in den Stadtrat ein, inzwischen ist PETO in Monheim die st\u00e4rkste Fraktion und bei seinem Amtsantritt im Jahr 2009 war Daniel mit 27 Jahren der j\u00fcngste B\u00fcrgermeister Deutschlands. <\/p>\n\n\n\n<p>Von seiner ersten Rede vor dem Kaninchenz\u00fcchterverein bis hin zu stadttragenden Beschl\u00fcssen &#8211; der Film begleitet ihn ein Jahr lang auf seinen Dienstwegen und bei der Feuerprobe seiner ersten Amtszeit.<\/p>\n\n\n\n<p><\/p>\n\n\n\n<figure class=\"wp-block-gallery columns-2 is-cropped wp-block-gallery-1 is-layout-flex wp-block-gallery-is-layout-flex\"><ul class=\"blocks-gallery-grid\"><li class=\"blocks-gallery-item\"><figure><img loading=\"lazy\" decoding=\"async\" width=\"1024\" height=\"682\" src=\"http:\/\/gesahollerbach.de\/wp-content\/uploads\/2021\/05\/pains_of_the_plains_2-1024x682.jpg\" alt=\"\" data-id=\"67\" data-full-url=\"http:\/\/gesahollerbach.de\/wp-content\/uploads\/2021\/05\/pains_of_the_plains_2.jpg\" data-link=\"http:\/\/gesahollerbach.de\/pains_of_the_plains_2\/\" class=\"wp-image-67\" srcset=\"https:\/\/gesahollerbach.de\/wp-content\/uploads\/2021\/05\/pains_of_the_plains_2-1024x682.jpg 1024w, https:\/\/gesahollerbach.de\/wp-content\/uploads\/2021\/05\/pains_of_the_plains_2-300x200.jpg 300w, https:\/\/gesahollerbach.de\/wp-content\/uploads\/2021\/05\/pains_of_the_plains_2-768x512.jpg 768w, https:\/\/gesahollerbach.de\/wp-content\/uploads\/2021\/05\/pains_of_the_plains_2-1536x1024.jpg 1536w, https:\/\/gesahollerbach.de\/wp-content\/uploads\/2021\/05\/pains_of_the_plains_2-1568x1045.jpg 1568w, https:\/\/gesahollerbach.de\/wp-content\/uploads\/2021\/05\/pains_of_the_plains_2.jpg 1772w\" sizes=\"auto, (max-width: 1024px) 100vw, 1024px\" \/><\/figure><\/li><li class=\"blocks-gallery-item\"><figure><img loading=\"lazy\" decoding=\"async\" width=\"1024\" height=\"682\" src=\"http:\/\/gesahollerbach.de\/wp-content\/uploads\/2021\/05\/pains_of_the_plains_3-1024x682.jpg\" alt=\"\" data-id=\"68\" data-full-url=\"http:\/\/gesahollerbach.de\/wp-content\/uploads\/2021\/05\/pains_of_the_plains_3.jpg\" data-link=\"http:\/\/gesahollerbach.de\/pains_of_the_plains_3\/\" class=\"wp-image-68\" srcset=\"https:\/\/gesahollerbach.de\/wp-content\/uploads\/2021\/05\/pains_of_the_plains_3-1024x682.jpg 1024w, https:\/\/gesahollerbach.de\/wp-content\/uploads\/2021\/05\/pains_of_the_plains_3-300x200.jpg 300w, https:\/\/gesahollerbach.de\/wp-content\/uploads\/2021\/05\/pains_of_the_plains_3-768x512.jpg 768w, https:\/\/gesahollerbach.de\/wp-content\/uploads\/2021\/05\/pains_of_the_plains_3-1536x1024.jpg 1536w, https:\/\/gesahollerbach.de\/wp-content\/uploads\/2021\/05\/pains_of_the_plains_3-1568x1045.jpg 1568w, https:\/\/gesahollerbach.de\/wp-content\/uploads\/2021\/05\/pains_of_the_plains_3.jpg 1772w\" sizes=\"auto, (max-width: 1024px) 100vw, 1024px\" \/><\/figure><\/li><\/ul><\/figure>\n\n\n\n<figure class=\"wp-block-gallery columns-2 is-cropped wp-block-gallery-2 is-layout-flex wp-block-gallery-is-layout-flex\"><ul class=\"blocks-gallery-grid\"><li class=\"blocks-gallery-item\"><figure><img loading=\"lazy\" decoding=\"async\" width=\"1024\" height=\"576\" src=\"http:\/\/gesahollerbach.de\/wp-content\/uploads\/die-muehen-der-ebene_still_4_press-1024x576.jpg\" alt=\"\" data-id=\"326\" data-full-url=\"http:\/\/gesahollerbach.de\/wp-content\/uploads\/die-muehen-der-ebene_still_4_press.jpg\" data-link=\"http:\/\/gesahollerbach.de\/index.php\/work\/die-muhen-der-ebene\/die-muehen-der-ebene_still_4_press\/\" class=\"wp-image-326\" srcset=\"https:\/\/gesahollerbach.de\/wp-content\/uploads\/die-muehen-der-ebene_still_4_press-1024x576.jpg 1024w, https:\/\/gesahollerbach.de\/wp-content\/uploads\/die-muehen-der-ebene_still_4_press-300x169.jpg 300w, https:\/\/gesahollerbach.de\/wp-content\/uploads\/die-muehen-der-ebene_still_4_press-768x432.jpg 768w, https:\/\/gesahollerbach.de\/wp-content\/uploads\/die-muehen-der-ebene_still_4_press-1536x864.jpg 1536w, https:\/\/gesahollerbach.de\/wp-content\/uploads\/die-muehen-der-ebene_still_4_press-1568x882.jpg 1568w, https:\/\/gesahollerbach.de\/wp-content\/uploads\/die-muehen-der-ebene_still_4_press.jpg 1920w\" sizes=\"auto, (max-width: 1024px) 100vw, 1024px\" \/><\/figure><\/li><li class=\"blocks-gallery-item\"><figure><img loading=\"lazy\" decoding=\"async\" width=\"1024\" height=\"682\" src=\"http:\/\/gesahollerbach.de\/wp-content\/uploads\/pains_of_the_plains_1-1024x682.jpg\" alt=\"\" data-id=\"377\" data-full-url=\"http:\/\/gesahollerbach.de\/wp-content\/uploads\/pains_of_the_plains_1.jpg\" data-link=\"http:\/\/gesahollerbach.de\/pains_of_the_plains_1\/\" class=\"wp-image-377\" srcset=\"https:\/\/gesahollerbach.de\/wp-content\/uploads\/pains_of_the_plains_1-1024x682.jpg 1024w, https:\/\/gesahollerbach.de\/wp-content\/uploads\/pains_of_the_plains_1-300x200.jpg 300w, https:\/\/gesahollerbach.de\/wp-content\/uploads\/pains_of_the_plains_1-768x512.jpg 768w, https:\/\/gesahollerbach.de\/wp-content\/uploads\/pains_of_the_plains_1-1536x1024.jpg 1536w, https:\/\/gesahollerbach.de\/wp-content\/uploads\/pains_of_the_plains_1-1568x1045.jpg 1568w, https:\/\/gesahollerbach.de\/wp-content\/uploads\/pains_of_the_plains_1.jpg 1772w\" sizes=\"auto, (max-width: 1024px) 100vw, 1024px\" \/><\/figure><\/li><\/ul><\/figure>\n\n\n\n<figure class=\"wp-block-embed is-type-video is-provider-youtube wp-block-embed-youtube wp-embed-aspect-16-9 wp-has-aspect-ratio\"><div class=\"wp-block-embed__wrapper\">\n<iframe loading=\"lazy\" title=\"DIE M\u00dcHEN DER EBENE - Offizieller Trailer\" width=\"750\" height=\"422\" src=\"https:\/\/www.youtube.com\/embed\/BBi4dIf7DXk?feature=oembed\" frameborder=\"0\" allow=\"accelerometer; autoplay; clipboard-write; encrypted-media; gyroscope; picture-in-picture\" allowfullscreen><\/iframe>\n<\/div><\/figure>\n\n\n\n<p>mit: <strong>Daniel Zimmermann<\/strong><\/p>\n\n\n\n<p>Buch und Regie: <strong>Gesa Hollerbach, Petra Eicker<\/strong><\/p>\n\n\n\n<p>Kamera und Ton: <strong>Petra Eicker<\/strong>, <strong>Gesa Hollerbach<\/strong><\/p>\n\n\n\n<p>Montage: <strong>Anika Simon<\/strong>, <strong>Gesa Hollerbach, Petra Eicker<\/strong><\/p>\n\n\n\n<p>Musik: <strong>Valerij Lisac<\/strong><\/p>\n\n\n\n<p>Sounddesign: <strong>Gerd Nesgen<\/strong><\/p>\n\n\n\n<p>Tonmischung: <strong>Ralf Schipke<\/strong><\/p>\n\n\n\n<p>Farbkorrektur: <strong>Christina Schorre<\/strong><\/p>\n\n\n\n<p>Produzent: <strong>Christian Vizi<\/strong><\/p>\n\n\n\n<p>Produktion: <strong>Kunsthochschule f\u00fcr Medien K\u00f6ln in Co-Produktion mit VIZION mit Unterst\u00fctzung der Film- und Medienstiftung NRW<\/strong><\/p>\n\n\n\n<p><\/p>\n","protected":false},"excerpt":{"rendered":"<p>D \/ Dokumentarfilm \/ 2012 \/ 85 min Willkommen in Monheim am Rhein: 45.000 Einwohner zwischen K\u00f6ln und D\u00fcsseldorf. Im Jahr 1999 hat Daniel Zimmermann hier zusammen mit ein paar Schulkameraden die Jugendpartei PETO gegr\u00fcndet. Damals zogen sie mit zwei Sitzen in den Stadtrat ein, inzwischen ist PETO in Monheim die st\u00e4rkste Fraktion und bei&hellip; <a class=\"more-link\" href=\"https:\/\/gesahollerbach.de\/index.php\/work\/die-muhen-der-ebene\/\">Continue reading <span class=\"screen-reader-text\">Die M\u00fchen der Ebene<\/span><\/a><\/p>\n","protected":false},"author":1,"featured_media":0,"parent":44,"menu_order":0,"comment_status":"closed","ping_status":"closed","template":"","meta":{"footnotes":""},"class_list":["post-36","page","type-page","status-publish","hentry","entry"],"_links":{"self":[{"href":"https:\/\/gesahollerbach.de\/index.php\/wp-json\/wp\/v2\/pages\/36","targetHints":{"allow":["GET"]}}],"collection":[{"href":"https:\/\/gesahollerbach.de\/index.php\/wp-json\/wp\/v2\/pages"}],"about":[{"href":"https:\/\/gesahollerbach.de\/index.php\/wp-json\/wp\/v2\/types\/page"}],"author":[{"embeddable":true,"href":"https:\/\/gesahollerbach.de\/index.php\/wp-json\/wp\/v2\/users\/1"}],"replies":[{"embeddable":true,"href":"https:\/\/gesahollerbach.de\/index.php\/wp-json\/wp\/v2\/comments?post=36"}],"version-history":[{"count":10,"href":"https:\/\/gesahollerbach.de\/index.php\/wp-json\/wp\/v2\/pages\/36\/revisions"}],"predecessor-version":[{"id":468,"href":"https:\/\/gesahollerbach.de\/index.php\/wp-json\/wp\/v2\/pages\/36\/revisions\/468"}],"up":[{"embeddable":true,"href":"https:\/\/gesahollerbach.de\/index.php\/wp-json\/wp\/v2\/pages\/44"}],"wp:attachment":[{"href":"https:\/\/gesahollerbach.de\/index.php\/wp-json\/wp\/v2\/media?parent=36"}],"curies":[{"name":"wp","href":"https:\/\/api.w.org\/{rel}","templated":true}]}}