{"id":29,"date":"2021-05-28T23:47:13","date_gmt":"2021-05-28T23:47:13","guid":{"rendered":"http:\/\/gesahollerbach.de\/?page_id=29"},"modified":"2021-06-03T19:46:14","modified_gmt":"2021-06-03T19:46:14","slug":"mitten-im-licht","status":"publish","type":"page","link":"https:\/\/gesahollerbach.de\/index.php\/work\/mitten-im-licht\/","title":{"rendered":"Mitten im Licht"},"content":{"rendered":"\n<p>D 2008 | Dokumentarfilm | 45 min<\/p>\n\n\n\n<p>Das Theaterprojekt &#8220;Mitten im Licht&#8221; ist ein Projekt f\u00fcr Kinder und Jugendliche, die von der Diakonie in D\u00fcsseldorf in verschiedenen Einrichtungen betreut werden. Fast alle diese Kinder und Jugendlichen haben einen schwierigen famili\u00e4ren Hintergrund, schulische Probleme oder Verhaltensauff\u00e4lligkeiten. <\/p>\n\n\n\n<p>Initiiert wurde das Projekt im Jahr 2006 von der Theaterp\u00e4dagogin Anja Kloth mit Hilfe der Aktion Mensch, die das Projekt \u00fcber drei Jahre unterst\u00fctzt. Die Jugendlichen werden an die Theaterarbeit langsam herangef\u00fchrt und erarbeiten schlie\u00dflich selbstst\u00e4ndig ihre St\u00fccke, Tanzchoreographien und Texte. Auf diese Weise lernen sie im Laufe der Zeit Verantwortung zu \u00fcbernehmen, sich und anderen zu vertrauen und sich selbstbewusst auf der B\u00fchne zu zeigen. Jeder einzelne steht mit seinen St\u00e4rken und Schw\u00e4chen im Mittelpunkt. Das Ziel ist, durch die Proben und die Auff\u00fchrungen ein Gruppengef\u00fchl aufzubauen und zu st\u00e4rken, ein Gef\u00fchl das vielen Jugendlichen nahezu unbekannt ist. <\/p>\n\n\n\n<p>Der Film &#8220;Mitten im Licht&#8221; begleitet \u00fcber ein Jahr lang die Theaterarbeit der Gruppe und macht erfahrbar, wie die einzelnen Teilnehmer an ihrer Aufgabe wachsen und reifen.<\/p>\n\n\n\n<figure class=\"wp-block-gallery columns-2 is-cropped wp-block-gallery-1 is-layout-flex wp-block-gallery-is-layout-flex\"><ul class=\"blocks-gallery-grid\"><li class=\"blocks-gallery-item\"><figure><img loading=\"lazy\" decoding=\"async\" width=\"720\" height=\"576\" src=\"http:\/\/gesahollerbach.de\/wp-content\/uploads\/theater1.jpg\" alt=\"\" data-id=\"374\" data-full-url=\"http:\/\/gesahollerbach.de\/wp-content\/uploads\/theater1.jpg\" data-link=\"http:\/\/gesahollerbach.de\/theater1\/\" class=\"wp-image-374\" srcset=\"https:\/\/gesahollerbach.de\/wp-content\/uploads\/theater1.jpg 720w, https:\/\/gesahollerbach.de\/wp-content\/uploads\/theater1-300x240.jpg 300w\" sizes=\"auto, (max-width: 720px) 100vw, 720px\" \/><\/figure><\/li><li class=\"blocks-gallery-item\"><figure><img loading=\"lazy\" decoding=\"async\" width=\"720\" height=\"576\" src=\"http:\/\/gesahollerbach.de\/wp-content\/uploads\/theater-11.jpg\" alt=\"\" data-id=\"373\" data-full-url=\"http:\/\/gesahollerbach.de\/wp-content\/uploads\/theater-11.jpg\" data-link=\"http:\/\/gesahollerbach.de\/theater-11\/\" class=\"wp-image-373\" srcset=\"https:\/\/gesahollerbach.de\/wp-content\/uploads\/theater-11.jpg 720w, https:\/\/gesahollerbach.de\/wp-content\/uploads\/theater-11-300x240.jpg 300w\" sizes=\"auto, (max-width: 720px) 100vw, 720px\" \/><\/figure><\/li><\/ul><\/figure>\n\n\n\n<figure class=\"wp-block-gallery columns-2 is-cropped wp-block-gallery-2 is-layout-flex wp-block-gallery-is-layout-flex\"><ul class=\"blocks-gallery-grid\"><li class=\"blocks-gallery-item\"><figure><img loading=\"lazy\" decoding=\"async\" width=\"720\" height=\"576\" src=\"http:\/\/gesahollerbach.de\/wp-content\/uploads\/theater39.jpg\" alt=\"\" data-id=\"375\" data-full-url=\"http:\/\/gesahollerbach.de\/wp-content\/uploads\/theater39.jpg\" data-link=\"http:\/\/gesahollerbach.de\/theater39\/\" class=\"wp-image-375\" srcset=\"https:\/\/gesahollerbach.de\/wp-content\/uploads\/theater39.jpg 720w, https:\/\/gesahollerbach.de\/wp-content\/uploads\/theater39-300x240.jpg 300w\" sizes=\"auto, (max-width: 720px) 100vw, 720px\" \/><\/figure><\/li><li class=\"blocks-gallery-item\"><figure><img loading=\"lazy\" decoding=\"async\" width=\"720\" height=\"576\" src=\"http:\/\/gesahollerbach.de\/wp-content\/uploads\/theater27.jpg\" alt=\"\" data-id=\"376\" data-full-url=\"http:\/\/gesahollerbach.de\/wp-content\/uploads\/theater27.jpg\" data-link=\"http:\/\/gesahollerbach.de\/theater27\/\" class=\"wp-image-376\" srcset=\"https:\/\/gesahollerbach.de\/wp-content\/uploads\/theater27.jpg 720w, https:\/\/gesahollerbach.de\/wp-content\/uploads\/theater27-300x240.jpg 300w\" sizes=\"auto, (max-width: 720px) 100vw, 720px\" \/><\/figure><\/li><\/ul><\/figure>\n\n\n\n<p>Mit: <strong>Anja Kloth, Susanne Weins, Sabine Seume ua.<\/strong><\/p>\n\n\n\n<p>Regie \/ Kamera \/ Buch \/ Montage: <strong>Gesa Hollerbach<\/strong><\/p>\n\n\n\n<p>Tonmischung \/ Farbkorrektur: <strong>Georg Webe<\/strong>r<\/p>\n\n\n\n<p>Musik: <strong>Valerij Lisac<\/strong><\/p>\n\n\n\n<p>Produktion: <strong>Diakonie in D\u00fcsseldorf<\/strong><\/p>\n\n\n\n<p><\/p>\n","protected":false},"excerpt":{"rendered":"<p>D 2008 | Dokumentarfilm | 45 min Das Theaterprojekt &#8220;Mitten im Licht&#8221; ist ein Projekt f\u00fcr Kinder und Jugendliche, die von der Diakonie in D\u00fcsseldorf in verschiedenen Einrichtungen betreut werden. Fast alle diese Kinder und Jugendlichen haben einen schwierigen famili\u00e4ren Hintergrund, schulische Probleme oder Verhaltensauff\u00e4lligkeiten. Initiiert wurde das Projekt im Jahr 2006 von der Theaterp\u00e4dagogin&hellip; <a class=\"more-link\" href=\"https:\/\/gesahollerbach.de\/index.php\/work\/mitten-im-licht\/\">Continue reading <span class=\"screen-reader-text\">Mitten im Licht<\/span><\/a><\/p>\n","protected":false},"author":1,"featured_media":0,"parent":44,"menu_order":0,"comment_status":"closed","ping_status":"closed","template":"","meta":{"footnotes":""},"class_list":["post-29","page","type-page","status-publish","hentry","entry"],"_links":{"self":[{"href":"https:\/\/gesahollerbach.de\/index.php\/wp-json\/wp\/v2\/pages\/29","targetHints":{"allow":["GET"]}}],"collection":[{"href":"https:\/\/gesahollerbach.de\/index.php\/wp-json\/wp\/v2\/pages"}],"about":[{"href":"https:\/\/gesahollerbach.de\/index.php\/wp-json\/wp\/v2\/types\/page"}],"author":[{"embeddable":true,"href":"https:\/\/gesahollerbach.de\/index.php\/wp-json\/wp\/v2\/users\/1"}],"replies":[{"embeddable":true,"href":"https:\/\/gesahollerbach.de\/index.php\/wp-json\/wp\/v2\/comments?post=29"}],"version-history":[{"count":6,"href":"https:\/\/gesahollerbach.de\/index.php\/wp-json\/wp\/v2\/pages\/29\/revisions"}],"predecessor-version":[{"id":406,"href":"https:\/\/gesahollerbach.de\/index.php\/wp-json\/wp\/v2\/pages\/29\/revisions\/406"}],"up":[{"embeddable":true,"href":"https:\/\/gesahollerbach.de\/index.php\/wp-json\/wp\/v2\/pages\/44"}],"wp:attachment":[{"href":"https:\/\/gesahollerbach.de\/index.php\/wp-json\/wp\/v2\/media?parent=29"}],"curies":[{"name":"wp","href":"https:\/\/api.w.org\/{rel}","templated":true}]}}