{"id":26,"date":"2021-05-28T23:46:34","date_gmt":"2021-05-28T23:46:34","guid":{"rendered":"http:\/\/gesahollerbach.de\/?page_id=26"},"modified":"2021-06-05T21:21:46","modified_gmt":"2021-06-05T21:21:46","slug":"eigen-artige-kinder","status":"publish","type":"page","link":"https:\/\/gesahollerbach.de\/index.php\/work\/eigen-artige-kinder\/","title":{"rendered":"Eigen Artige Kinder"},"content":{"rendered":"\n<p>D 2006 | Dokumentarfilm | 28 min<\/p>\n\n\n\n<p>Manche Kinder sind anders als andere Kinder. Sie leben in ihrer eigenen Welt, k\u00f6nnen Gesichtsausdr\u00fccke nicht deuten, sind unf\u00e4hig sich zu konzentrieren oder Kontakt zu ihren Mitmenschen aufzubauen. Oft werden sie als auff\u00e4llig, dumm, nervend oder schwierig abgestempelt. <\/p>\n\n\n\n<p>Doch die Gr\u00fcnde hierf\u00fcr m\u00fcssen nicht mangelnde Intelligenz oder schlechte Erziehung sein &#8211; h\u00e4ufig leiden diese Kinder unter Wahrnehmungsst\u00f6rungen und werden von ihrer Umwelt hochgradig missverstanden. Die Mitarbeiter der Heilp\u00e4dagogischen Tagesgruppen der Diakonie in D\u00fcsseldorf versuchen, Kinder mit Wahrnehmungsst\u00f6rungen zu f\u00f6rdern und in ihren Eigenarten zu verstehen. <\/p>\n\n\n\n<p>Im Mittelpunkt des Films stehen drei Kinder und ihre Sicht aufs Leben. Er erz\u00e4hlt von den Herausforderungen des Alltags und den Erfolgserlebnissen, die wichtige Schritte auf dem Weg in die \u201enormale\u201c Gesellschaft bedeuten.<\/p>\n\n\n\n<p><\/p>\n\n\n\n<figure class=\"wp-block-image size-large is-resized\"><img loading=\"lazy\" decoding=\"async\" src=\"http:\/\/gesahollerbach.de\/wp-content\/uploads\/mika-dvd.jpg\" alt=\"\" class=\"wp-image-316\" width=\"609\" height=\"456\" srcset=\"https:\/\/gesahollerbach.de\/wp-content\/uploads\/mika-dvd.jpg 768w, https:\/\/gesahollerbach.de\/wp-content\/uploads\/mika-dvd-300x225.jpg 300w\" sizes=\"auto, (max-width: 609px) 100vw, 609px\" \/><\/figure>\n\n\n\n<figure class=\"wp-block-gallery columns-2 is-cropped wp-block-gallery-1 is-layout-flex wp-block-gallery-is-layout-flex\"><ul class=\"blocks-gallery-grid\"><li class=\"blocks-gallery-item\"><figure><img loading=\"lazy\" decoding=\"async\" width=\"768\" height=\"1024\" src=\"http:\/\/gesahollerbach.de\/wp-content\/uploads\/timo-neu-768x1024.jpg\" alt=\"\" data-id=\"378\" data-full-url=\"http:\/\/gesahollerbach.de\/wp-content\/uploads\/timo-neu.jpg\" data-link=\"http:\/\/gesahollerbach.de\/timo-neu\/\" class=\"wp-image-378\" srcset=\"https:\/\/gesahollerbach.de\/wp-content\/uploads\/timo-neu-768x1024.jpg 768w, https:\/\/gesahollerbach.de\/wp-content\/uploads\/timo-neu-225x300.jpg 225w, https:\/\/gesahollerbach.de\/wp-content\/uploads\/timo-neu.jpg 800w\" sizes=\"auto, (max-width: 768px) 100vw, 768px\" \/><\/figure><\/li><li class=\"blocks-gallery-item\"><figure><img loading=\"lazy\" decoding=\"async\" width=\"800\" height=\"600\" src=\"http:\/\/gesahollerbach.de\/wp-content\/uploads\/celina1.jpg\" alt=\"\" data-id=\"379\" data-full-url=\"http:\/\/gesahollerbach.de\/wp-content\/uploads\/celina1.jpg\" data-link=\"http:\/\/gesahollerbach.de\/celina1\/\" class=\"wp-image-379\" srcset=\"https:\/\/gesahollerbach.de\/wp-content\/uploads\/celina1.jpg 800w, https:\/\/gesahollerbach.de\/wp-content\/uploads\/celina1-300x225.jpg 300w, https:\/\/gesahollerbach.de\/wp-content\/uploads\/celina1-768x576.jpg 768w\" sizes=\"auto, (max-width: 800px) 100vw, 800px\" \/><\/figure><\/li><\/ul><\/figure>\n\n\n\n<p><\/p>\n\n\n\n<p>mit: <strong>Mika, Timo &amp; Robin<\/strong><\/p>\n\n\n\n<p><\/p>\n\n\n\n<p>Regie \/ Kamera \/ Buch \/ Montage: <strong>Gesa Hollerbach<\/strong><\/p>\n\n\n\n<p>Tonmischung \/ Farbkorrektur: <strong>Georg Weber<\/strong><\/p>\n\n\n\n<p>Musik: <strong>Valerij Lisac<\/strong><\/p>\n\n\n\n<p>Produktion: <strong>Diakonie in D\u00fcsseldorf<\/strong><\/p>\n\n\n\n<p><\/p>\n","protected":false},"excerpt":{"rendered":"<p>D 2006 | Dokumentarfilm | 28 min Manche Kinder sind anders als andere Kinder. Sie leben in ihrer eigenen Welt, k\u00f6nnen Gesichtsausdr\u00fccke nicht deuten, sind unf\u00e4hig sich zu konzentrieren oder Kontakt zu ihren Mitmenschen aufzubauen. Oft werden sie als auff\u00e4llig, dumm, nervend oder schwierig abgestempelt. Doch die Gr\u00fcnde hierf\u00fcr m\u00fcssen nicht mangelnde Intelligenz oder schlechte&hellip; <a class=\"more-link\" href=\"https:\/\/gesahollerbach.de\/index.php\/work\/eigen-artige-kinder\/\">Continue reading <span class=\"screen-reader-text\">Eigen Artige Kinder<\/span><\/a><\/p>\n","protected":false},"author":1,"featured_media":0,"parent":44,"menu_order":0,"comment_status":"closed","ping_status":"closed","template":"","meta":{"footnotes":""},"class_list":["post-26","page","type-page","status-publish","hentry","entry"],"_links":{"self":[{"href":"https:\/\/gesahollerbach.de\/index.php\/wp-json\/wp\/v2\/pages\/26","targetHints":{"allow":["GET"]}}],"collection":[{"href":"https:\/\/gesahollerbach.de\/index.php\/wp-json\/wp\/v2\/pages"}],"about":[{"href":"https:\/\/gesahollerbach.de\/index.php\/wp-json\/wp\/v2\/types\/page"}],"author":[{"embeddable":true,"href":"https:\/\/gesahollerbach.de\/index.php\/wp-json\/wp\/v2\/users\/1"}],"replies":[{"embeddable":true,"href":"https:\/\/gesahollerbach.de\/index.php\/wp-json\/wp\/v2\/comments?post=26"}],"version-history":[{"count":9,"href":"https:\/\/gesahollerbach.de\/index.php\/wp-json\/wp\/v2\/pages\/26\/revisions"}],"predecessor-version":[{"id":488,"href":"https:\/\/gesahollerbach.de\/index.php\/wp-json\/wp\/v2\/pages\/26\/revisions\/488"}],"up":[{"embeddable":true,"href":"https:\/\/gesahollerbach.de\/index.php\/wp-json\/wp\/v2\/pages\/44"}],"wp:attachment":[{"href":"https:\/\/gesahollerbach.de\/index.php\/wp-json\/wp\/v2\/media?parent=26"}],"curies":[{"name":"wp","href":"https:\/\/api.w.org\/{rel}","templated":true}]}}