{"id":22,"date":"2021-05-28T23:44:19","date_gmt":"2021-05-28T23:44:19","guid":{"rendered":"http:\/\/gesahollerbach.de\/?page_id=22"},"modified":"2021-06-03T19:39:08","modified_gmt":"2021-06-03T19:39:08","slug":"etwas-fur-lange-zeit","status":"publish","type":"page","link":"https:\/\/gesahollerbach.de\/index.php\/work\/etwas-fur-lange-zeit\/","title":{"rendered":"Etwas f\u00fcr lange Zeit"},"content":{"rendered":"\n<p>D 2006 | Dokumentarfilm | 29 min<\/p>\n\n\n\n<p>Im Juli 2004 wurde meiner Mutter eine neue Leber transplantiert. Ein Jahr sp\u00e4ter, nach langer Zeit im Krankenhaus, ist f\u00fcr sie und meinen Vater endlich der Zeitpunkt gekommen, ein neues Leben anzufangen. <\/p>\n\n\n\n<p>Mit Energie und Tatendrang sollen die Dinge nun angepackt werden, doch permanente Untersuchungen und die Unsicherheit, ob das neue Organ dauerhaft angenommen wird, erschweren den Weg in die Normalit\u00e4t. Die Einnahme zahlreicher Medikamente erinnert jeden Tag an die ver\u00e4nderte Situation. <\/p>\n\n\n\n<p>Der Film begleitet meine Eltern ein halbes Jahr lang auf ihrem Weg und beobachtet die Rituale, die sich im Laufe der Zeit eingeschlichen haben, den best\u00e4ndigen Wunsch nach Stabilit\u00e4t und nicht zuletzt ihr unersch\u00fctterliches Zusammengeh\u00f6rigkeitsgef\u00fchl.<\/p>\n\n\n\n<figure class=\"wp-block-image size-large is-resized\"><img loading=\"lazy\" decoding=\"async\" src=\"http:\/\/gesahollerbach.de\/wp-content\/uploads\/Coverfoto-kleiner.jpg\" alt=\"\" class=\"wp-image-317\" width=\"610\" height=\"488\" srcset=\"https:\/\/gesahollerbach.de\/wp-content\/uploads\/Coverfoto-kleiner.jpg 720w, https:\/\/gesahollerbach.de\/wp-content\/uploads\/Coverfoto-kleiner-300x240.jpg 300w\" sizes=\"auto, (max-width: 610px) 100vw, 610px\" \/><\/figure>\n\n\n\n<figure class=\"wp-block-gallery columns-2 is-cropped wp-block-gallery-1 is-layout-flex wp-block-gallery-is-layout-flex\"><ul class=\"blocks-gallery-grid\"><li class=\"blocks-gallery-item\"><figure><img loading=\"lazy\" decoding=\"async\" width=\"720\" height=\"576\" src=\"http:\/\/gesahollerbach.de\/wp-content\/uploads\/erinnern-neu.jpg\" alt=\"\" data-id=\"370\" data-full-url=\"http:\/\/gesahollerbach.de\/wp-content\/uploads\/erinnern-neu.jpg\" data-link=\"http:\/\/gesahollerbach.de\/erinnern-neu-2\/\" class=\"wp-image-370\" srcset=\"https:\/\/gesahollerbach.de\/wp-content\/uploads\/erinnern-neu.jpg 720w, https:\/\/gesahollerbach.de\/wp-content\/uploads\/erinnern-neu-300x240.jpg 300w\" sizes=\"auto, (max-width: 720px) 100vw, 720px\" \/><\/figure><\/li><li class=\"blocks-gallery-item\"><figure><img loading=\"lazy\" decoding=\"async\" width=\"720\" height=\"576\" src=\"http:\/\/gesahollerbach.de\/wp-content\/uploads\/tagebuch.jpg\" alt=\"\" data-id=\"368\" data-full-url=\"http:\/\/gesahollerbach.de\/wp-content\/uploads\/tagebuch.jpg\" data-link=\"http:\/\/gesahollerbach.de\/tagebuch-2\/\" class=\"wp-image-368\" srcset=\"https:\/\/gesahollerbach.de\/wp-content\/uploads\/tagebuch.jpg 720w, https:\/\/gesahollerbach.de\/wp-content\/uploads\/tagebuch-300x240.jpg 300w\" sizes=\"auto, (max-width: 720px) 100vw, 720px\" \/><\/figure><\/li><\/ul><\/figure>\n\n\n\n<figure class=\"wp-block-video\"><video height=\"210\" style=\"aspect-ratio: 270 \/ 210;\" width=\"270\" controls src=\"http:\/\/gesahollerbach.de\/wp-content\/uploads\/EFLZ-trailer-besser-1.mp4\"><\/video><\/figure>\n\n\n\n<p>Mit: <strong>Doris Hollerbach, Rainer Hollerbach<\/strong><\/p>\n\n\n\n<p>Regie \/ Kamera \/ Buch \/ Montage: <strong>Gesa Hollerbach<\/strong><\/p>\n\n\n\n<p>Tonmischung \/ Farbkorrektur: <strong>Georg Weber<\/strong><\/p>\n\n\n\n<p>Musik: <strong>Valerij Lisac<\/strong><\/p>\n\n\n\n<p>Produktion: <strong>Gesa Hollerbach in Koproduktion mit der FH D\u00fcsseldorf<\/strong><\/p>\n\n\n\n<p>*nominiert f\u00fcr den First Steps Award 2006<\/p>\n","protected":false},"excerpt":{"rendered":"<p>D 2006 | Dokumentarfilm | 29 min Im Juli 2004 wurde meiner Mutter eine neue Leber transplantiert. Ein Jahr sp\u00e4ter, nach langer Zeit im Krankenhaus, ist f\u00fcr sie und meinen Vater endlich der Zeitpunkt gekommen, ein neues Leben anzufangen. Mit Energie und Tatendrang sollen die Dinge nun angepackt werden, doch permanente Untersuchungen und die Unsicherheit,&hellip; <a class=\"more-link\" href=\"https:\/\/gesahollerbach.de\/index.php\/work\/etwas-fur-lange-zeit\/\">Continue reading <span class=\"screen-reader-text\">Etwas f\u00fcr lange Zeit<\/span><\/a><\/p>\n","protected":false},"author":1,"featured_media":0,"parent":44,"menu_order":0,"comment_status":"closed","ping_status":"closed","template":"","meta":{"footnotes":""},"class_list":["post-22","page","type-page","status-publish","hentry","entry"],"_links":{"self":[{"href":"https:\/\/gesahollerbach.de\/index.php\/wp-json\/wp\/v2\/pages\/22","targetHints":{"allow":["GET"]}}],"collection":[{"href":"https:\/\/gesahollerbach.de\/index.php\/wp-json\/wp\/v2\/pages"}],"about":[{"href":"https:\/\/gesahollerbach.de\/index.php\/wp-json\/wp\/v2\/types\/page"}],"author":[{"embeddable":true,"href":"https:\/\/gesahollerbach.de\/index.php\/wp-json\/wp\/v2\/users\/1"}],"replies":[{"embeddable":true,"href":"https:\/\/gesahollerbach.de\/index.php\/wp-json\/wp\/v2\/comments?post=22"}],"version-history":[{"count":11,"href":"https:\/\/gesahollerbach.de\/index.php\/wp-json\/wp\/v2\/pages\/22\/revisions"}],"predecessor-version":[{"id":403,"href":"https:\/\/gesahollerbach.de\/index.php\/wp-json\/wp\/v2\/pages\/22\/revisions\/403"}],"up":[{"embeddable":true,"href":"https:\/\/gesahollerbach.de\/index.php\/wp-json\/wp\/v2\/pages\/44"}],"wp:attachment":[{"href":"https:\/\/gesahollerbach.de\/index.php\/wp-json\/wp\/v2\/media?parent=22"}],"curies":[{"name":"wp","href":"https:\/\/api.w.org\/{rel}","templated":true}]}}