{"id":224,"date":"2021-05-31T21:26:46","date_gmt":"2021-05-31T21:26:46","guid":{"rendered":"http:\/\/gesahollerbach.de\/?page_id=224"},"modified":"2021-06-03T16:42:03","modified_gmt":"2021-06-03T16:42:03","slug":"presse-uber-die-muhen-der-ebene","status":"publish","type":"page","link":"http:\/\/gesahollerbach.de\/index.php\/press\/presse-uber-die-muhen-der-ebene\/","title":{"rendered":"Presse \u00fcber Die M\u00fchen der Ebene"},"content":{"rendered":"\n<p>Film-Dienst, November 2012<br><br>Kurzkritik:<br><br>Im Jahr 2009 wurde der 27-j\u00e4hrige Daniel Zimmermann zum B\u00fcrgermeister von Monheim gew\u00e4hlt, einer Stadt mit 45.000 Einwohnern und 120 Millionen Schulden. Von seiner Vereidigung an begleitet ihn der Dokumentarfilm \u00fcber ein Jahr lang und h\u00e4lt das t\u00e4gliche Ringen um Kompromisse und Verb\u00fcndete mit der Kamera fest. Der Film gew\u00e4hrt subtile Einblicke in die Mechanismen kommunaler Verwaltung und Politik, die durch die realsatirischen Aspekte des Daseins eines B\u00fcrgermeisters unterhaltsam aufgelockert werden.<br><br>Langkritik:<br><br>Da steht er nun, der neue Schirmherr des Kaninchenz\u00fcchtervereins, und wei\u00df nicht recht, wie ihm geschieht. Gerade hat der Vorsitzende ihm zum Amtsantritt ein frisch geschlachtetes Tier in einer Plastikt\u00fcte \u00fcberreicht. Dem geehrten gelingt es nicht so recht, den Begeisterten zu simulieren, aber er bedankt sich h\u00f6flich und fragt, ob man das Schlachtvieh vielleicht noch mal in die K\u00fchlung geben k\u00f6nnte, da er ja gerne noch ein wenig bleiben m\u00f6chte. Was vermutlich glatt gelogen ist. Aber Daniel Zimmermann hat gelernt, dass zu einem B\u00fcrgermeisteramt eben auch solche Termine geh\u00f6ren. 2009 wurde Zimmermann mit 27 Jahren zum B\u00fcrgermeister der Stadt Monheim mit 45.000 Einwohnern gew\u00e4hlt. Von seiner Vereidigung an haben die beiden Filmemacherinnen Gesa Hollerbach und Petra Eicker den Youngster ein Jahr lang bei seiner Amtsaus\u00fcbung begleitet. Dabei zeigt sich Zimmermann als eher zur\u00fcckhaltender, bisweilen etwas linkisch wirkender junger Mann, der Schwierigkeiten hat, sich in seiner neuen Rolle als Stadtoberhaupt zurechtzufinden. &#8220;Sie sollten bewusster auftreten&#8221;, r\u00e4t ihm ein \u00e4lterer Herr am Rand einer Veranstaltung. Was leicht gesagt ist, wo doch viele Mitglieder des Stadtrates mindestens doppelt so alt sind wie er. Doch der Neue arbeitet sich ein, b\u00fcffelt Verwaltungsrecht, Bebauungspl\u00e4ne und Gesch\u00e4ftsordnungen und lernt, dass Kommunalpolitik in der Praxis das Bohren dicker Bretter bedeutet.<\/p>\n\n\n\n<p>\\r\\n<\/p>\n\n\n\n<p>Die Langzeitbeobachtung zeichnet den j\u00fcngsten B\u00fcrgermeister einer deutschen Stadt weniger als charismatischen Helden, denn als eifrigen, mitunter von Selbstzweifeln befallenen Volkstribun. Der treffende Filmtitel geht (vermutlich) auf Bertold Brecht zur\u00fcck, der mit den &#8220;M\u00fchen der Ebene&#8221; jene Arbeit bezeichnete, die nach dem Sieg \u00fcber den Faschismus beim Aufbau einer sozialistischen Gesellschaft zu leisten sei. Auch wenn Zimmermann mit Sozialismus wenig am Hut hat, er\u00f6ffnet der Abschlussfilm an der K\u00f6lner Kunsthochschule f\u00fcr Medien subtile Einblicke in die Mechanismen kommunaler Verwaltung und Politik. Da der (Haupt-) Protagonist stets &#8220;verkabelt&#8221; ist, ist man hautnah dabei, wenn im Stadtrat mit allerlei R\u00e4nkespiele und Intrigen etwa um den Bau neuer Sportst\u00e4tten f\u00fcr die finanziell klamme Gemeinde gestritten wird. Aufgelockert werden diese unkommentierten M\u00fchen des Alltags durch realsatirische Sequenzen von Zimmermanns Pflichtterminen bei Vereinen, beim Sch\u00fctzenfest oder im Karneval. Hinzu kommen Stillleben von der Tristesse der \u00f6rtlichen Fu\u00dfg\u00e4ngerzone, einer Plastikt\u00fcte im Wind oder eines Restaurants, das laut Aushang &#8220;Preiswerte Gem\u00fctlichkeit&#8221; feilbietet. Nat\u00fcrlich erinnert dieser Film an Andreas Dresens Dokumentation \u00fcber den Provinz-Politiker Henryk Wichmann, hat aber genug Potenzial, um f\u00fcr sich zu bestehen. Nur die Fragen, f\u00fcr was Daniel Zimmermann und seine lokale Partei namens PETO eigentlich stehen, was ihn antreibt und wie es ihnen 2009 gelang, die Wahlen zu gewinnen, bleiben weitgehend unbeachtet.<\/p>\n\n\n\n<p>Von Reinhard L\u00fcke<\/p>\n\n\n\n<div class=\"wp-block-file\"><a href=\"http:\/\/gesahollerbach.de\/wp-content\/uploads\/Filmstiftung_Magazin.pdf\">Magazin der Filmstiftung<\/a><a href=\"http:\/\/gesahollerbach.de\/wp-content\/uploads\/Filmstiftung_Magazin.pdf\" class=\"wp-block-file__button\" download>Download<\/a><\/div>\n\n\n\n<div class=\"wp-block-group\"><div class=\"wp-block-group__inner-container is-layout-flow wp-block-group-is-layout-flow\">\n<p class=\"wp-block-file\"><a href=\"http:\/\/gesahollerbach.de\/wp-content\/uploads\/WZ-Kopie.pdf\">Zeitungsartikel Westdeutsche Zeitung<\/a><a class=\"wp-block-file__button\" href=\"http:\/\/gesahollerbach.de\/wp-content\/uploads\/WZ-Kopie.pdf\" download=\"\">Download<\/a><\/p>\n\n\n\n<div class=\"wp-block-file\"><a href=\"http:\/\/gesahollerbach.de\/wp-content\/uploads\/RP-Kopie.pdf\">Zeitungsartikel Rheinische Post<\/a><a class=\"wp-block-file__button\" href=\"http:\/\/gesahollerbach.de\/wp-content\/uploads\/RP-Kopie.pdf\" download=\"\">Download<\/a><\/div>\n\n\n\n<div class=\"wp-block-file\"><a href=\"http:\/\/gesahollerbach.de\/wp-content\/uploads\/Monheimer-Anzeiger-Kopie.pdf\">Zeitungsartikel Monheimer Anzeiger<\/a><a class=\"wp-block-file__button\" href=\"http:\/\/gesahollerbach.de\/wp-content\/uploads\/Monheimer-Anzeiger-Kopie.pdf\" download=\"\">Download<\/a><\/div>\n\n\n\n<p><\/p>\n<\/div><\/div>\n","protected":false},"excerpt":{"rendered":"<p>Film-Dienst, November 2012 Kurzkritik: Im Jahr 2009 wurde der 27-j\u00e4hrige Daniel Zimmermann zum B\u00fcrgermeister von Monheim gew\u00e4hlt, einer Stadt mit 45.000 Einwohnern und 120 Millionen Schulden. Von seiner Vereidigung an begleitet ihn der Dokumentarfilm \u00fcber ein Jahr lang und h\u00e4lt das t\u00e4gliche Ringen um Kompromisse und Verb\u00fcndete mit der Kamera fest. Der Film gew\u00e4hrt subtile&hellip; <a class=\"more-link\" href=\"http:\/\/gesahollerbach.de\/index.php\/press\/presse-uber-die-muhen-der-ebene\/\">Continue reading <span class=\"screen-reader-text\">Presse \u00fcber Die M\u00fchen der Ebene<\/span><\/a><\/p>\n","protected":false},"author":1,"featured_media":0,"parent":156,"menu_order":0,"comment_status":"closed","ping_status":"closed","template":"","meta":{"footnotes":""},"class_list":["post-224","page","type-page","status-publish","hentry","entry"],"_links":{"self":[{"href":"http:\/\/gesahollerbach.de\/index.php\/wp-json\/wp\/v2\/pages\/224","targetHints":{"allow":["GET"]}}],"collection":[{"href":"http:\/\/gesahollerbach.de\/index.php\/wp-json\/wp\/v2\/pages"}],"about":[{"href":"http:\/\/gesahollerbach.de\/index.php\/wp-json\/wp\/v2\/types\/page"}],"author":[{"embeddable":true,"href":"http:\/\/gesahollerbach.de\/index.php\/wp-json\/wp\/v2\/users\/1"}],"replies":[{"embeddable":true,"href":"http:\/\/gesahollerbach.de\/index.php\/wp-json\/wp\/v2\/comments?post=224"}],"version-history":[{"count":6,"href":"http:\/\/gesahollerbach.de\/index.php\/wp-json\/wp\/v2\/pages\/224\/revisions"}],"predecessor-version":[{"id":362,"href":"http:\/\/gesahollerbach.de\/index.php\/wp-json\/wp\/v2\/pages\/224\/revisions\/362"}],"up":[{"embeddable":true,"href":"http:\/\/gesahollerbach.de\/index.php\/wp-json\/wp\/v2\/pages\/156"}],"wp:attachment":[{"href":"http:\/\/gesahollerbach.de\/index.php\/wp-json\/wp\/v2\/media?parent=224"}],"curies":[{"name":"wp","href":"https:\/\/api.w.org\/{rel}","templated":true}]}}