{"id":12,"date":"2021-05-28T23:28:41","date_gmt":"2021-05-28T23:28:41","guid":{"rendered":"http:\/\/gesahollerbach.de\/?page_id=12"},"modified":"2021-06-03T20:40:05","modified_gmt":"2021-06-03T20:40:05","slug":"ohrenkuss","status":"publish","type":"page","link":"http:\/\/gesahollerbach.de\/index.php\/work\/ohrenkuss\/","title":{"rendered":"Ohrenkuss"},"content":{"rendered":"\n<p>D 2010 \/ Dokumentarfilm \/ 55 Min<\/p>\n\n\n\n<p>Julian, Verena und Angela haben Trisomie 21, das Down-Syndrom. Die drei f\u00fchren ein ausgef\u00fclltes Leben mit vielen Hobbys, gehen arbeiten und interessieren sich f\u00fcr Dinge, die auch nichtbehinderte Menschen bewegen. In ihrer Freizeit engagieren sich Julian, Verena und Angela als Autoren im Redaktionsteam des Magazins \u201eOhrenkuss\u201c, welches ausschlie\u00dflich von Menschen mit Down-Syndrom geschrieben wird. Dort verfassen sie Texte, geben Lesungen zusammen mit ihren Kollegen und kommen auf Recherchereisen viel herum in Deutschland.<\/p>\n\n\n\n<p>Von Dr. Katja de Bragan\u00e7a 1998 als Forschungsprojekt gegr\u00fcndet, hat das Magazin mittlerweile unz\u00e4hlige Preise gewonnen und sich als gesch\u00e4tzte Gr\u00f6\u00dfe in der deutschen Magazinlandschaft etabliert. De Bragan\u00e7a: \u201eDie Autoren schaffen es, eine Poesie zu entwickeln, zu der wir \u00fcberhaupt keinen Zugang haben. Wir denken immer viel zu kompliziert, sie dagegen haben den direkten Draht zum Kern der Dinge.\u201c<\/p>\n\n\n\n<p>Der Film begleitet Julian, Verena und Angela \u00fcber einen Zeitraum von anderthalb Jahren und r\u00e4umt auf mit dem Klischee vom weltfremden Behinderten, dessen Leben sich nur zwischen Kinderzimmer und Werkstatt abspielt.<\/p>\n\n\n\n<figure class=\"wp-block-gallery columns-2 is-cropped wp-block-gallery-1 is-layout-flex wp-block-gallery-is-layout-flex\"><ul class=\"blocks-gallery-grid\"><li class=\"blocks-gallery-item\"><figure><img loading=\"lazy\" decoding=\"async\" width=\"720\" height=\"576\" src=\"http:\/\/gesahollerbach.de\/wp-content\/uploads\/a-schreibt-kiel.jpg\" alt=\"\" data-id=\"371\" data-full-url=\"http:\/\/gesahollerbach.de\/wp-content\/uploads\/a-schreibt-kiel.jpg\" data-link=\"http:\/\/gesahollerbach.de\/a-schreibt-kiel\/\" class=\"wp-image-371\" srcset=\"http:\/\/gesahollerbach.de\/wp-content\/uploads\/a-schreibt-kiel.jpg 720w, http:\/\/gesahollerbach.de\/wp-content\/uploads\/a-schreibt-kiel-300x240.jpg 300w\" sizes=\"auto, (max-width: 720px) 100vw, 720px\" \/><\/figure><\/li><li class=\"blocks-gallery-item\"><figure><img loading=\"lazy\" decoding=\"async\" width=\"720\" height=\"576\" src=\"http:\/\/gesahollerbach.de\/wp-content\/uploads\/j-lesung-1.jpg\" alt=\"\" data-id=\"385\" data-full-url=\"http:\/\/gesahollerbach.de\/wp-content\/uploads\/j-lesung-1.jpg\" data-link=\"http:\/\/gesahollerbach.de\/j-lesung-2\/\" class=\"wp-image-385\" srcset=\"http:\/\/gesahollerbach.de\/wp-content\/uploads\/j-lesung-1.jpg 720w, http:\/\/gesahollerbach.de\/wp-content\/uploads\/j-lesung-1-300x240.jpg 300w\" sizes=\"auto, (max-width: 720px) 100vw, 720px\" \/><\/figure><\/li><\/ul><\/figure>\n\n\n\n<figure class=\"wp-block-gallery columns-2 is-cropped wp-block-gallery-2 is-layout-flex wp-block-gallery-is-layout-flex\"><ul class=\"blocks-gallery-grid\"><li class=\"blocks-gallery-item\"><figure><img loading=\"lazy\" decoding=\"async\" width=\"720\" height=\"576\" src=\"http:\/\/gesahollerbach.de\/wp-content\/uploads\/v-bahnfenster2.jpg\" alt=\"\" data-id=\"388\" data-full-url=\"http:\/\/gesahollerbach.de\/wp-content\/uploads\/v-bahnfenster2.jpg\" data-link=\"http:\/\/gesahollerbach.de\/v-bahnfenster2\/\" class=\"wp-image-388\" srcset=\"http:\/\/gesahollerbach.de\/wp-content\/uploads\/v-bahnfenster2.jpg 720w, http:\/\/gesahollerbach.de\/wp-content\/uploads\/v-bahnfenster2-300x240.jpg 300w\" sizes=\"auto, (max-width: 720px) 100vw, 720px\" \/><\/figure><\/li><li class=\"blocks-gallery-item\"><figure><img loading=\"lazy\" decoding=\"async\" width=\"1024\" height=\"768\" src=\"http:\/\/gesahollerbach.de\/wp-content\/uploads\/PICT3869-1024x768.jpg\" alt=\"\" data-id=\"387\" data-full-url=\"http:\/\/gesahollerbach.de\/wp-content\/uploads\/PICT3869.jpg\" data-link=\"http:\/\/gesahollerbach.de\/digital-stillcamera-3\/\" class=\"wp-image-387\" srcset=\"http:\/\/gesahollerbach.de\/wp-content\/uploads\/PICT3869-1024x768.jpg 1024w, http:\/\/gesahollerbach.de\/wp-content\/uploads\/PICT3869-300x225.jpg 300w, http:\/\/gesahollerbach.de\/wp-content\/uploads\/PICT3869-768x576.jpg 768w, http:\/\/gesahollerbach.de\/wp-content\/uploads\/PICT3869-1536x1152.jpg 1536w, http:\/\/gesahollerbach.de\/wp-content\/uploads\/PICT3869-2048x1536.jpg 2048w, http:\/\/gesahollerbach.de\/wp-content\/uploads\/PICT3869-1568x1176.jpg 1568w\" sizes=\"auto, (max-width: 1024px) 100vw, 1024px\" \/><\/figure><\/li><\/ul><\/figure>\n\n\n\n<p><\/p>\n\n\n\n<p>Mit: <strong>Verena G\u00fcnnel, Angela Fritzen, Julian G\u00f6pel<\/strong><\/p>\n\n\n\n<p>Regie | Kamera | Montage: <strong>Gesa Hollerbach<\/strong><\/p>\n\n\n\n<p>Musik: <strong>Valerij Lisac<\/strong><\/p>\n\n\n\n<p>Produktion: <strong>Kunsthochschule f\u00fcr Medien K\u00f6ln<\/strong><\/p>\n","protected":false},"excerpt":{"rendered":"<p>D 2010 \/ Dokumentarfilm \/ 55 Min Julian, Verena und Angela haben Trisomie 21, das Down-Syndrom. Die drei f\u00fchren ein ausgef\u00fclltes Leben mit vielen Hobbys, gehen arbeiten und interessieren sich f\u00fcr Dinge, die auch nichtbehinderte Menschen bewegen. In ihrer Freizeit engagieren sich Julian, Verena und Angela als Autoren im Redaktionsteam des Magazins \u201eOhrenkuss\u201c, welches ausschlie\u00dflich&hellip; <a class=\"more-link\" href=\"http:\/\/gesahollerbach.de\/index.php\/work\/ohrenkuss\/\">Continue reading <span class=\"screen-reader-text\">Ohrenkuss<\/span><\/a><\/p>\n","protected":false},"author":1,"featured_media":0,"parent":44,"menu_order":0,"comment_status":"closed","ping_status":"closed","template":"","meta":{"footnotes":""},"class_list":["post-12","page","type-page","status-publish","hentry","entry"],"_links":{"self":[{"href":"http:\/\/gesahollerbach.de\/index.php\/wp-json\/wp\/v2\/pages\/12","targetHints":{"allow":["GET"]}}],"collection":[{"href":"http:\/\/gesahollerbach.de\/index.php\/wp-json\/wp\/v2\/pages"}],"about":[{"href":"http:\/\/gesahollerbach.de\/index.php\/wp-json\/wp\/v2\/types\/page"}],"author":[{"embeddable":true,"href":"http:\/\/gesahollerbach.de\/index.php\/wp-json\/wp\/v2\/users\/1"}],"replies":[{"embeddable":true,"href":"http:\/\/gesahollerbach.de\/index.php\/wp-json\/wp\/v2\/comments?post=12"}],"version-history":[{"count":8,"href":"http:\/\/gesahollerbach.de\/index.php\/wp-json\/wp\/v2\/pages\/12\/revisions"}],"predecessor-version":[{"id":424,"href":"http:\/\/gesahollerbach.de\/index.php\/wp-json\/wp\/v2\/pages\/12\/revisions\/424"}],"up":[{"embeddable":true,"href":"http:\/\/gesahollerbach.de\/index.php\/wp-json\/wp\/v2\/pages\/44"}],"wp:attachment":[{"href":"http:\/\/gesahollerbach.de\/index.php\/wp-json\/wp\/v2\/media?parent=12"}],"curies":[{"name":"wp","href":"https:\/\/api.w.org\/{rel}","templated":true}]}}